{"id":2325,"date":"2024-02-03T19:44:23","date_gmt":"2024-02-03T19:44:23","guid":{"rendered":"https:\/\/loulou.hu\/?page_id=2325"},"modified":"2024-02-04T09:58:50","modified_gmt":"2024-02-04T09:58:50","slug":"sutikezelesi-tajekoztato","status":"publish","type":"page","link":"https:\/\/loulou.hu\/en\/sutikezelesi-tajekoztato\/","title":{"rendered":"Cookie policy"},"content":{"rendered":"<div data-elementor-type=\"wp-page\" data-elementor-id=\"2325\" class=\"elementor elementor-2325\">\n\t\t\t\t<div class=\"elementor-element elementor-element-37a1de1 e-con-full e-flex e-con e-parent\" data-id=\"37a1de1\" data-element_type=\"container\" data-e-type=\"container\">\n\t\t<div class=\"elementor-element elementor-element-a1d98c7 e-con-full e-flex e-con e-child\" data-id=\"a1d98c7\" data-element_type=\"container\" data-e-type=\"container\">\n\t\t\t\t<div class=\"elementor-element elementor-element-3d540cf elementor-widget elementor-widget-heading\" data-id=\"3d540cf\" data-element_type=\"widget\" data-e-type=\"widget\" data-widget_type=\"heading.default\">\n\t\t\t\t<div class=\"elementor-widget-container\">\n\t\t\t\t\t<h1 class=\"elementor-heading-title elementor-size-default\">Cookie policy<\/h1>\t\t\t\t<\/div>\n\t\t\t\t<\/div>\n\t\t\t\t<\/div>\n\t\t\t\t<\/div>\n\t\t<div class=\"elementor-element elementor-element-5ffa2a5a e-flex e-con-boxed e-con e-parent\" data-id=\"5ffa2a5a\" data-element_type=\"container\" data-e-type=\"container\">\n\t\t\t\t\t<div class=\"e-con-inner\">\n\t\t\t\t<div class=\"elementor-element elementor-element-403fbec9 elementor-widget elementor-widget-text-editor\" data-id=\"403fbec9\" data-element_type=\"widget\" data-e-type=\"widget\" data-widget_type=\"text-editor.default\">\n\t\t\t\t<div class=\"elementor-widget-container\">\n\t\t\t\t\t\t\t\t\t<h2>MANAGEMENT OF COOKIES<\/h2>\n<p>A <a href=\"https:\/\/loulou.hu\/en\/\">https:\/\/loulou.hu\/<\/a> website uses cookies to operate the website, to make it easier to use, to track activity on the website and to display relevant offers.<\/p>\n<p>Please read this document carefully and only use the services of the website if you agree with all of its points and accept them as binding on you (hereinafter referred to as \"User\"). Please note that this policy only applies to the use of cookies on this website.<\/p>\n<h2>What is a Cookie?<\/h2>\n<p>A cookie is a small packet of data that internet services store in your browser. It is an essential technology for an efficient and modern online service that is supported by all browsers today.<\/p>\n<h2>How is a cookie created?<\/h2>\n<p>First the client machine sends a request to the server. The server then generates a unique identifier and stores it in its own database, and sends the cookie back to the client with all the information. The returned information cookie is stored on the client machine.<\/p>\n<h2>How is the Cookie useful?<\/h2>\n<p>When the client machine contacts the server again, it will have already paired the cookie that was previously created and stored. The server compares the contents of the cookie it received and the cookie it stored. This makes it easy to identify e.g. the logged in registered user. Without this, for example, it would not be possible to log in to a website.<\/p>\n<h2>What cookies does the website use and why?<\/h2>\n<p>The website uses cookies for the following purposes:<\/p>\n<ul>\n<li>website, developing,<\/li>\n<li>to make it easier for users to navigate around my website and use the site's features to ensure a seamless user experience,<\/li>\n<li>collect information about how you use my website - by measuring which parts of my website you visit or use the most, so I can find out how to provide you with an even better experience when you visit my site again,<\/li>\n<li>find out how to make your experience even better when you visit my site again,<\/li>\n<li>placing targeted ads on other websites,<\/li>\n<li>distinguishing and identifying browser users,<\/li>\n<li>to track activities on the website in order to send you more specific messages about offers that are of interest or relevance to you.<\/li>\n<\/ul>\n<h2>Types of cookies<\/h2>\n<h3>Cookies for basic functionality<\/h3>\n<p>These cookies ensure the proper functioning of the website, facilitate its use and collect information about its use without identifying my visitors.<\/p>\n<p>This includes, for example, the storage of calculator usage values, the status of cookie handling acceptance, remembering login methods and data, the status of website notification messages and the reduced functionality of Google Analytics code.<\/p>\n<p>Remember, without these cookies I cannot guarantee you a comfortable use of my website.<\/p>\n<h3>Cookies for statistical purposes<\/h3>\n<p>In order to improve my website and the user experience, I also use cookies that allow me to collect information about how my visitors use my website. These cookies cannot identify you personally, but they do collect information such as which page my visitor viewed, which part of the website the user clicked on, how many pages they visited, the length of time spent on each session, and any error messages.<\/p>\n<h3>Performance cookies<\/h3>\n<p>Such performance cookies include Google Analytics cookies. For more information about Google Analytics cookies, please click here:\u00a0<a href=\"https:\/\/developers.google.com\/analytics\/devguides\/collection\/analyticsjs\/cookie-usage\">https:\/\/developers.google.com\/analytics\/devguides\/collection\/analyticsjs\/cookie-usage<\/a><\/p>\n<h3>Targeting and advertising cookies<\/h3>\n<p>The purpose of these cookies is to make the ads on my website more relevant or interesting to you. These cookies cannot identify you personally without your consent, they collect information such as which page you have visited, which part of the website you have clicked on, how many pages you have visited, all in order to find out what content is of interest to you.<\/p>\n<p>However, if you have consented, we may use the information we collect when tracking your use of the website together with your personal data in order to tailor our marketing communications to your needs and to provide you with more personalised offers.<\/p>\n<h3>I use advertising cookies from the following providers on my website:<\/h3>\n<h4>Google Ads<\/h4>\n<p>Detailed information on the service is available via the following link:\u00a0<a href=\"https:\/\/www.google.com\/intl\/hu\/policies\/privacy\">https:\/\/www.google.com\/intl\/hu\/policies\/privacy<\/a><\/p>\n<h4>Facebook<\/h4>\n<p>Detailed information on the service is available at the following link:\u00a0<a href=\"https:\/\/www.facebook.com\/help\/cookies\/\">https:\/\/www.facebook.com\/help\/cookies\/<\/a><\/p>\n<h4>Instagram<\/h4>\n<p>Detailed information on the service is available at the following link:\u00a0<a href=\"https:\/\/help.instagram.com\/402411646841720\">https:\/\/help.instagram.com\/402411646841720<\/a><\/p>\n<h2>How can you check and turn off cookies?<\/h2>\n<p>All modern browsers allow you to change your cookie settings. Most browsers automatically accept cookies by default, but these settings can usually be changed so that the browser can prevent automatic acceptance and offer you the choice of whether to accept cookies each time.<\/p>\n<p>Please note that since cookies are used to facilitate or enable the usability and processes of my website, if you prevent or delete cookies, you may not be able to fully use the features of our website or the website may not function as intended in your browser.<\/p>\n<p><strong>You can find out about cookie settings for the most popular browsers by following the links below:<\/strong><\/p>\n<ul>\n<li><a href=\"https:\/\/support.google.com\/accounts\/answer\/61416?hl=hu\">Google Chrome<\/a><\/li>\n<li><a href=\"https:\/\/support.mozilla.org\/hu\/kb\/sutik-informacio-amelyet-weboldalak-tarolnak-szami\">Firefox<\/a><\/li>\n<li><a href=\"https:\/\/support.microsoft.com\/hu-hu\/help\/17442\/windows-internet-explorer-delete-manage-cookies#ie=ie-11\">Microsoft Internet Explorer<\/a><\/li>\n<li><a href=\"https:\/\/privacy.microsoft.com\/hu-hu\/windows-10-microsoft-edge-and-privacy\">Microsoft Edge<\/a><\/li>\n<li><a href=\"https:\/\/support.apple.com\/hu-hu\/guide\/safari\/manage-cookies-and-website-data-sfri11471\/mac\">Safari<\/a><\/li>\n<\/ul>\n<p>For more detailed information, see the\u00a0<a href=\"https:\/\/loulou.hu\/en\/adatvedelmi-tajekoztato\/\">In my privacy notice<\/a>\u00a0you can read.<\/p>\t\t\t\t\t\t\t\t<\/div>\n\t\t\t\t<\/div>\n\t\t\t\t\t<\/div>\n\t\t\t\t<\/div>\n\t\t\t\t<\/div>","protected":false},"excerpt":{"rendered":"<p>S\u00fctikezel\u00e9si t\u00e1j\u00e9koztat\u00f3 S\u00dcTIK (COOKIE-K) KEZEL\u00c9SE\u200b A https:\/\/loulou.hu\/ weboldal s\u00fctiket (cookie-kat) haszn\u00e1l a weboldal m\u0171k\u00f6dtet\u00e9se, haszn\u00e1lat\u00e1nak megk\u00f6nny\u00edt\u00e9se, a weboldalon v\u00e9gzett tev\u00e9kenys\u00e9g nyomon k\u00f6vet\u00e9se \u00e9s relev\u00e1ns aj\u00e1nlatok megjelen\u00edt\u00e9se \u00e9rdek\u00e9ben. K\u00e9rlek, hogy a dokumentumot figyelmesen olvasd el \u00e9s csak akkor vedd ig\u00e9nybe a weboldal szolg\u00e1ltat\u00e1sait, amennyiben minden pontj\u00e1val egyet\u00e9rtesz \u00e9s azokat magadra (a tov\u00e1bbiakban: Felhaszn\u00e1l\u00f3) n\u00e9zve k\u00f6telez\u0151 \u00e9rv\u00e9ny\u0171nek [&hellip;]<\/p>\n","protected":false},"author":1,"featured_media":0,"parent":0,"menu_order":0,"comment_status":"closed","ping_status":"closed","template":"","meta":{"site-sidebar-layout":"default","site-content-layout":"","ast-site-content-layout":"default","site-content-style":"default","site-sidebar-style":"default","ast-global-header-display":"","ast-banner-title-visibility":"","ast-main-header-display":"","ast-hfb-above-header-display":"","ast-hfb-below-header-display":"","ast-hfb-mobile-header-display":"","site-post-title":"","ast-breadcrumbs-content":"","ast-featured-img":"","footer-sml-layout":"","ast-disable-related-posts":"","theme-transparent-header-meta":"","adv-header-id-meta":"","stick-header-meta":"","header-above-stick-meta":"","header-main-stick-meta":"","header-below-stick-meta":"","astra-migrate-meta-layouts":"set","ast-page-background-enabled":"default","ast-page-background-meta":{"desktop":{"background-color":"","background-image":"","background-repeat":"repeat","background-position":"center center","background-size":"auto","background-attachment":"scroll","background-type":"","background-media":"","overlay-type":"","overlay-color":"","overlay-opacity":"","overlay-gradient":""},"tablet":{"background-color":"","background-image":"","background-repeat":"repeat","background-position":"center center","background-size":"auto","background-attachment":"scroll","background-type":"","background-media":"","overlay-type":"","overlay-color":"","overlay-opacity":"","overlay-gradient":""},"mobile":{"background-color":"","background-image":"","background-repeat":"repeat","background-position":"center center","background-size":"auto","background-attachment":"scroll","background-type":"","background-media":"","overlay-type":"","overlay-color":"","overlay-opacity":"","overlay-gradient":""}},"ast-content-background-meta":{"desktop":{"background-color":"var(--ast-global-color-5)","background-image":"","background-repeat":"repeat","background-position":"center center","background-size":"auto","background-attachment":"scroll","background-type":"","background-media":"","overlay-type":"","overlay-color":"","overlay-opacity":"","overlay-gradient":""},"tablet":{"background-color":"var(--ast-global-color-5)","background-image":"","background-repeat":"repeat","background-position":"center center","background-size":"auto","background-attachment":"scroll","background-type":"","background-media":"","overlay-type":"","overlay-color":"","overlay-opacity":"","overlay-gradient":""},"mobile":{"background-color":"var(--ast-global-color-5)","background-image":"","background-repeat":"repeat","background-position":"center center","background-size":"auto","background-attachment":"scroll","background-type":"","background-media":"","overlay-type":"","overlay-color":"","overlay-opacity":"","overlay-gradient":""}},"footnotes":""},"class_list":["post-2325","page","type-page","status-publish","hentry"],"yoast_head":"<!-- This site is optimized with the Yoast SEO plugin v27.4 - https:\/\/yoast.com\/product\/yoast-seo-wordpress\/ -->\n<title>S\u00fctikezel\u00e9si t\u00e1j\u00e9koztat\u00f3 - LouLou Tortast\u00fadi\u00f3<\/title>\n<meta name=\"robots\" content=\"index, follow, max-snippet:-1, max-image-preview:large, max-video-preview:-1\" \/>\n<link rel=\"canonical\" href=\"https:\/\/loulou.hu\/en\/sutikezelesi-tajekoztato\/\" \/>\n<meta property=\"og:locale\" content=\"en_GB\" \/>\n<meta property=\"og:type\" content=\"article\" \/>\n<meta property=\"og:title\" content=\"S\u00fctikezel\u00e9si t\u00e1j\u00e9koztat\u00f3 - LouLou Tortast\u00fadi\u00f3\" \/>\n<meta property=\"og:description\" content=\"S\u00fctikezel\u00e9si t\u00e1j\u00e9koztat\u00f3 S\u00dcTIK (COOKIE-K) KEZEL\u00c9SE\u200b A https:\/\/loulou.hu\/ weboldal s\u00fctiket (cookie-kat) haszn\u00e1l a weboldal m\u0171k\u00f6dtet\u00e9se, haszn\u00e1lat\u00e1nak megk\u00f6nny\u00edt\u00e9se, a weboldalon v\u00e9gzett tev\u00e9kenys\u00e9g nyomon k\u00f6vet\u00e9se \u00e9s relev\u00e1ns aj\u00e1nlatok megjelen\u00edt\u00e9se \u00e9rdek\u00e9ben. K\u00e9rlek, hogy a dokumentumot figyelmesen olvasd el \u00e9s csak akkor vedd ig\u00e9nybe a weboldal szolg\u00e1ltat\u00e1sait, amennyiben minden pontj\u00e1val egyet\u00e9rtesz \u00e9s azokat magadra (a tov\u00e1bbiakban: Felhaszn\u00e1l\u00f3) n\u00e9zve k\u00f6telez\u0151 \u00e9rv\u00e9ny\u0171nek [&hellip;]\" \/>\n<meta property=\"og:url\" content=\"https:\/\/loulou.hu\/en\/sutikezelesi-tajekoztato\/\" \/>\n<meta property=\"og:site_name\" content=\"LouLou Tortast\u00fadi\u00f3\" \/>\n<meta property=\"article:publisher\" content=\"https:\/\/www.facebook.com\/profile.php?id=61568587168794\" \/>\n<meta property=\"article:modified_time\" content=\"2024-02-04T09:58:50+00:00\" \/>\n<meta name=\"twitter:card\" content=\"summary_large_image\" \/>\n<script type=\"application\/ld+json\" class=\"yoast-schema-graph\">{\"@context\":\"https:\\\/\\\/schema.org\",\"@graph\":[{\"@type\":\"WebPage\",\"@id\":\"https:\\\/\\\/loulou.hu\\\/sutikezelesi-tajekoztato\\\/\",\"url\":\"https:\\\/\\\/loulou.hu\\\/sutikezelesi-tajekoztato\\\/\",\"name\":\"S\u00fctikezel\u00e9si t\u00e1j\u00e9koztat\u00f3 - LouLou Tortast\u00fadi\u00f3\",\"isPartOf\":{\"@id\":\"https:\\\/\\\/loulou.hu\\\/#website\"},\"datePublished\":\"2024-02-03T19:44:23+00:00\",\"dateModified\":\"2024-02-04T09:58:50+00:00\",\"breadcrumb\":{\"@id\":\"https:\\\/\\\/loulou.hu\\\/sutikezelesi-tajekoztato\\\/#breadcrumb\"},\"inLanguage\":\"en-GB\",\"potentialAction\":[{\"@type\":\"ReadAction\",\"target\":[\"https:\\\/\\\/loulou.hu\\\/sutikezelesi-tajekoztato\\\/\"]}]},{\"@type\":\"BreadcrumbList\",\"@id\":\"https:\\\/\\\/loulou.hu\\\/sutikezelesi-tajekoztato\\\/#breadcrumb\",\"itemListElement\":[{\"@type\":\"ListItem\",\"position\":1,\"name\":\"Kezd\u0151lap\",\"item\":\"https:\\\/\\\/loulou.hu\\\/\"},{\"@type\":\"ListItem\",\"position\":2,\"name\":\"S\u00fctikezel\u00e9si t\u00e1j\u00e9koztat\u00f3\"}]},{\"@type\":\"WebSite\",\"@id\":\"https:\\\/\\\/loulou.hu\\\/#website\",\"url\":\"https:\\\/\\\/loulou.hu\\\/\",\"name\":\"Loulou Tortast\u00fadi\u00f3\",\"description\":\"K\u00fcl\u00f6nleges tort\u00e1k egyedi kivitelez\u00e9ssel\",\"publisher\":{\"@id\":\"https:\\\/\\\/loulou.hu\\\/#organization\"},\"potentialAction\":[{\"@type\":\"SearchAction\",\"target\":{\"@type\":\"EntryPoint\",\"urlTemplate\":\"https:\\\/\\\/loulou.hu\\\/?s={search_term_string}\"},\"query-input\":{\"@type\":\"PropertyValueSpecification\",\"valueRequired\":true,\"valueName\":\"search_term_string\"}}],\"inLanguage\":\"en-GB\"},{\"@type\":\"Organization\",\"@id\":\"https:\\\/\\\/loulou.hu\\\/#organization\",\"name\":\"Loulou Tortast\u00fadi\u00f3\",\"url\":\"https:\\\/\\\/loulou.hu\\\/\",\"logo\":{\"@type\":\"ImageObject\",\"inLanguage\":\"en-GB\",\"@id\":\"https:\\\/\\\/loulou.hu\\\/#\\\/schema\\\/logo\\\/image\\\/\",\"url\":\"https:\\\/\\\/loulou.hu\\\/wp-content\\\/uploads\\\/2024\\\/01\\\/cropped-loulou-logo-black-200x200-1-1.png\",\"contentUrl\":\"https:\\\/\\\/loulou.hu\\\/wp-content\\\/uploads\\\/2024\\\/01\\\/cropped-loulou-logo-black-200x200-1-1.png\",\"width\":512,\"height\":512,\"caption\":\"Loulou Tortast\u00fadi\u00f3\"},\"image\":{\"@id\":\"https:\\\/\\\/loulou.hu\\\/#\\\/schema\\\/logo\\\/image\\\/\"},\"sameAs\":[\"https:\\\/\\\/www.facebook.com\\\/profile.php?id=61568587168794\",\"https:\\\/\\\/www.instagram.com\\\/loulou_tortastudio\\\/\",\"https:\\\/\\\/hu.pinterest.com\\\/hegedtu1145\\\/\"]}]}<\/script>\n<!-- \/ Yoast SEO plugin. -->","yoast_head_json":{"title":"Baking instructions - LouLou Cake Studio","robots":{"index":"index","follow":"follow","max-snippet":"max-snippet:-1","max-image-preview":"max-image-preview:large","max-video-preview":"max-video-preview:-1"},"canonical":"https:\/\/loulou.hu\/en\/sutikezelesi-tajekoztato\/","og_locale":"en_GB","og_type":"article","og_title":"S\u00fctikezel\u00e9si t\u00e1j\u00e9koztat\u00f3 - LouLou Tortast\u00fadi\u00f3","og_description":"S\u00fctikezel\u00e9si t\u00e1j\u00e9koztat\u00f3 S\u00dcTIK (COOKIE-K) KEZEL\u00c9SE\u200b A https:\/\/loulou.hu\/ weboldal s\u00fctiket (cookie-kat) haszn\u00e1l a weboldal m\u0171k\u00f6dtet\u00e9se, haszn\u00e1lat\u00e1nak megk\u00f6nny\u00edt\u00e9se, a weboldalon v\u00e9gzett tev\u00e9kenys\u00e9g nyomon k\u00f6vet\u00e9se \u00e9s relev\u00e1ns aj\u00e1nlatok megjelen\u00edt\u00e9se \u00e9rdek\u00e9ben. K\u00e9rlek, hogy a dokumentumot figyelmesen olvasd el \u00e9s csak akkor vedd ig\u00e9nybe a weboldal szolg\u00e1ltat\u00e1sait, amennyiben minden pontj\u00e1val egyet\u00e9rtesz \u00e9s azokat magadra (a tov\u00e1bbiakban: Felhaszn\u00e1l\u00f3) n\u00e9zve k\u00f6telez\u0151 \u00e9rv\u00e9ny\u0171nek [&hellip;]","og_url":"https:\/\/loulou.hu\/en\/sutikezelesi-tajekoztato\/","og_site_name":"LouLou Tortast\u00fadi\u00f3","article_publisher":"https:\/\/www.facebook.com\/profile.php?id=61568587168794","article_modified_time":"2024-02-04T09:58:50+00:00","twitter_card":"summary_large_image","schema":{"@context":"https:\/\/schema.org","@graph":[{"@type":"WebPage","@id":"https:\/\/loulou.hu\/sutikezelesi-tajekoztato\/","url":"https:\/\/loulou.hu\/sutikezelesi-tajekoztato\/","name":"Baking instructions - LouLou Cake Studio","isPartOf":{"@id":"https:\/\/loulou.hu\/#website"},"datePublished":"2024-02-03T19:44:23+00:00","dateModified":"2024-02-04T09:58:50+00:00","breadcrumb":{"@id":"https:\/\/loulou.hu\/sutikezelesi-tajekoztato\/#breadcrumb"},"inLanguage":"en-GB","potentialAction":[{"@type":"ReadAction","target":["https:\/\/loulou.hu\/sutikezelesi-tajekoztato\/"]}]},{"@type":"BreadcrumbList","@id":"https:\/\/loulou.hu\/sutikezelesi-tajekoztato\/#breadcrumb","itemListElement":[{"@type":"ListItem","position":1,"name":"Kezd\u0151lap","item":"https:\/\/loulou.hu\/"},{"@type":"ListItem","position":2,"name":"S\u00fctikezel\u00e9si t\u00e1j\u00e9koztat\u00f3"}]},{"@type":"WebSite","@id":"https:\/\/loulou.hu\/#website","url":"https:\/\/loulou.hu\/","name":"Loulou Cake Studio","description":"Special cakes with unique design","publisher":{"@id":"https:\/\/loulou.hu\/#organization"},"potentialAction":[{"@type":"SearchAction","target":{"@type":"EntryPoint","urlTemplate":"https:\/\/loulou.hu\/?s={search_term_string}"},"query-input":{"@type":"PropertyValueSpecification","valueRequired":true,"valueName":"search_term_string"}}],"inLanguage":"en-GB"},{"@type":"Organization","@id":"https:\/\/loulou.hu\/#organization","name":"Loulou Cake Studio","url":"https:\/\/loulou.hu\/","logo":{"@type":"ImageObject","inLanguage":"en-GB","@id":"https:\/\/loulou.hu\/#\/schema\/logo\/image\/","url":"https:\/\/loulou.hu\/wp-content\/uploads\/2024\/01\/cropped-loulou-logo-black-200x200-1-1.png","contentUrl":"https:\/\/loulou.hu\/wp-content\/uploads\/2024\/01\/cropped-loulou-logo-black-200x200-1-1.png","width":512,"height":512,"caption":"Loulou Tortast\u00fadi\u00f3"},"image":{"@id":"https:\/\/loulou.hu\/#\/schema\/logo\/image\/"},"sameAs":["https:\/\/www.facebook.com\/profile.php?id=61568587168794","https:\/\/www.instagram.com\/loulou_tortastudio\/","https:\/\/hu.pinterest.com\/hegedtu1145\/"]}]}},"_links":{"self":[{"href":"https:\/\/loulou.hu\/en\/wp-json\/wp\/v2\/pages\/2325","targetHints":{"allow":["GET"]}}],"collection":[{"href":"https:\/\/loulou.hu\/en\/wp-json\/wp\/v2\/pages"}],"about":[{"href":"https:\/\/loulou.hu\/en\/wp-json\/wp\/v2\/types\/page"}],"author":[{"embeddable":true,"href":"https:\/\/loulou.hu\/en\/wp-json\/wp\/v2\/users\/1"}],"replies":[{"embeddable":true,"href":"https:\/\/loulou.hu\/en\/wp-json\/wp\/v2\/comments?post=2325"}],"version-history":[{"count":14,"href":"https:\/\/loulou.hu\/en\/wp-json\/wp\/v2\/pages\/2325\/revisions"}],"predecessor-version":[{"id":3538,"href":"https:\/\/loulou.hu\/en\/wp-json\/wp\/v2\/pages\/2325\/revisions\/3538"}],"wp:attachment":[{"href":"https:\/\/loulou.hu\/en\/wp-json\/wp\/v2\/media?parent=2325"}],"curies":[{"name":"wp","href":"https:\/\/api.w.org\/{rel}","templated":true}]}}